{"id":127,"date":"2013-01-29T13:47:53","date_gmt":"2013-01-29T13:47:53","guid":{"rendered":"http:\/\/www.oliopiceno.de\/?page_id=127"},"modified":"2020-12-20T16:56:06","modified_gmt":"2020-12-20T16:56:06","slug":"wer-sind-wir","status":"publish","type":"page","link":"http:\/\/www.oliopiceno.de\/?page_id=127","title":{"rendered":"Wir"},"content":{"rendered":"<p><strong>Genie\u00dfer, Italien-Liebhaber, Journalisten, Netzwerker<\/strong><\/p>\n<p>Wir sind Heidi Rauch und Michael-A. Konitzer, wohnen in M\u00fcnchen und seit 2010 auch mehrere Wochen im Jahr in unserem Haus in den mittelitalienischen Marken, in der Provinz Ascoli Piceno.<\/p>\n<p><strong>Heidi Rauch<\/strong>: Ich bin Diplom-Journalistin, Autorin und PR-Beraterin (f\u00fcr\u00a0<a title=\"Schloss Amerang im Chiemgau\" href=\"http:\/\/www.schlossamerang.de\" target=\"_blank\" rel=\"noopener noreferrer\">Schloss Amerang<\/a>\u00a0und den\u00a0<a title=\"Golfclub M\u00fcnchen Eichenried\" href=\"http:\/\/www.gc-eichenried.de\" target=\"_blank\" rel=\"noopener noreferrer\">Golfclub M\u00fcnchen Eichenried<\/a>). Au\u00dferdem schreibe ich regelm\u00e4\u00dfig meinen\u00a0<a title=\"Titanh\u00fcften-Blog von Heidi Rauch\" href=\"http:\/\/www.titanhuefte.wordpress.com\" target=\"_blank\" rel=\"noopener noreferrer\">Titanh\u00fcften-Blog<\/a>\u00a0und habe\u00a0in meiner eigenen Edition Rauchzeichen bereits zwei Mutmach-Ratgeber verlegt und geschrieben: <a title=\"Mutmach-Ratgeber von Heidi Rauch &amp; Peter Herrchen\" href=\"http:\/\/www.mut-zur-neuen-huefte.de\" target=\"_blank\" rel=\"noopener noreferrer\">&#8222;Mut zur neuen H\u00fcfte!&#8220;<\/a> und <a title=\"Mutmach-Ratgeber von Heidi Rauch &amp; Peter Herrchen\" href=\"http:\/\/www.mut-zum-neuen-knie.de\" target=\"_blank\" rel=\"noopener noreferrer\">&#8222;Mut zum neuen Knie!&#8220;<\/a>, jeweils mit Peter Herrchen zusammen. Im Januar 2018 haben wir die Neuauflage von &#8222;Mut zur neuen H\u00fcfte!&#8220; auf den Markt gebracht. Weitere Infos auf meiner <a title=\"Homepage von Heidi Rauch\" href=\"http:\/\/www.heidi-rauch.de\" target=\"_blank\" rel=\"noopener noreferrer\">Homepage<\/a>.<\/p>\n<figure id=\"attachment_768\" aria-describedby=\"caption-attachment-768\" style=\"width: 300px\" class=\"wp-caption alignleft\"><img loading=\"lazy\" decoding=\"async\" class=\"size-medium wp-image-768\" src=\"http:\/\/www.oliopiceno.de\/wp-content\/uploads\/2013\/01\/1HeidiOlivenernteQuer-640x427-300x200.jpg\" alt=\"Heidi mit Handkamm bei der Olivenernte 2015\" width=\"300\" height=\"200\" data-id=\"768\" srcset=\"http:\/\/www.oliopiceno.de\/wp-content\/uploads\/2013\/01\/1HeidiOlivenernteQuer-640x427-300x200.jpg 300w, http:\/\/www.oliopiceno.de\/wp-content\/uploads\/2013\/01\/1HeidiOlivenernteQuer-640x427.jpg 640w\" sizes=\"(max-width: 300px) 100vw, 300px\" \/><figcaption id=\"caption-attachment-768\" class=\"wp-caption-text\">Heidi mit Handkamm bei der Olivenernte 2015<\/figcaption><\/figure>\n<p>Im M\u00e4rz 2015 ist\u00a0im M\u00fcnchner <a title=\"Verlag mit sch\u00f6nen B\u00fcchern zum Landleben u. a.\" href=\"http:\/\/www.d-hverlag.de\" target=\"_blank\" rel=\"noopener noreferrer\">Dort-Hagenhausen-Verlag<\/a> in der Geschenkbuch-Reihe &#8222;Die guten Seiten des Landlebens&#8220; mein Buch <strong>&#8222;Oliven &#8211; Eine Liebeserkl\u00e4rung an den S\u00fcden&#8220; <\/strong>erschienen<span style=\"color: #000000;\">, das ich inzwischen selbst vertreibe.<\/span><\/p>\n<p>Einen Artikel \u00fcber die Olivenernte 2015 finden Sie auf dem <a href=\"http:\/\/reise-stories.de\/fitnesstraining-mit-mediterranen-aromen\/\" target=\"_blank\" rel=\"noopener noreferrer\">Reise-Stories-Portal<\/a> meines Kollegen Jupp Suttner.<\/p>\n<p>Gemeinsam schreiben wir seit 2018 an unserem noch unver\u00f6ffentlichten <strong>Briefroman &#8222;Berlinese &amp; Bavarese&#8220;<\/strong>. Denn theoretisch h\u00e4tten die Berlinerin und der Bayer sich schon 1968 begegnen k\u00f6nnen, als unsere Eltern ihre ersten Italien-Urlaube verbracht haben &#8211; am Gardasee und in Gabicce Mare.<\/p>\n<figure id=\"attachment_769\" aria-describedby=\"caption-attachment-769\" style=\"width: 200px\" class=\"wp-caption alignright\"><img loading=\"lazy\" decoding=\"async\" class=\"size-medium wp-image-769\" src=\"http:\/\/www.oliopiceno.de\/wp-content\/uploads\/2013\/01\/MichiR\u00fcttlerHoch-427x640-200x300.jpg\" alt=\"Michael mit dem elektrischen R\u00fcttelkamm bei der Olivenernte 2015\" width=\"200\" height=\"300\" data-id=\"769\" srcset=\"http:\/\/www.oliopiceno.de\/wp-content\/uploads\/2013\/01\/MichiR\u00fcttlerHoch-427x640-200x300.jpg 200w, http:\/\/www.oliopiceno.de\/wp-content\/uploads\/2013\/01\/MichiR\u00fcttlerHoch-427x640.jpg 427w\" sizes=\"(max-width: 200px) 100vw, 200px\" \/><figcaption id=\"caption-attachment-769\" class=\"wp-caption-text\">Michael mit dem elektrischen R\u00fcttelkamm bei der Olivenernte 2015<\/figcaption><\/figure>\n<p><strong>Michael-A. Konitzer<\/strong>: Mein Ehemann seit 2001 ist ebenfalls Journalist (u. a. Ex-Chefredakteur der M\u00fcnchner Stadtzeitung), arbeitet vorwiegend als Berater f\u00fcr digitale Kommunikation und Marketing f\u00fcr verschiedene Firmen und schreibt seinen Blog\u00a0<a title=\"Blog The Difference von Michael-A. Konitzer\" href=\"http:\/\/www.konitzer.wordpress.com\" target=\"_blank\" rel=\"noopener noreferrer\">The Difference<\/a>.<\/p>\n<p>Unsere Passion: <strong>Unverf\u00e4lschte Naturprodukte<\/strong> den Menschen schmackhaft machen &#8211; neben fruchtig-frischem Oliven\u00f6l auch u. a. Pasta aus dem Urweizen Saragolla Turchesco Khorosan (als Kamut vermarktet), schwarze Kichererbsen, Limonolio, Peperoncino-Olio, selbstgemachte Marmeladen (Feige, Orangen, Zitronen, Birnen), Limoncello etc.<\/p>\n<p>Seit Ende 2017\/Anfang 2018 vertreiben wir zudem die handgefertigten <strong>Golf- und Freizeitschuhe von Enrico Belleggia<\/strong>, der in unserer Nachbarschaft seine kleine Werkstatt betreibt. Die individuellen Wunsch-Schuhe gibt es nur bei uns \u00fcber unseren kleinen, pers\u00f6nlichen <a href=\"https:\/\/belleggia.de\/\">Belleggia-(Golf-)Schuh-Vertrieb.\u00a0<\/a><\/p>\n<h1><\/h1>\n","protected":false},"excerpt":{"rendered":"<p>Genie\u00dfer, Italien-Liebhaber, Journalisten, Netzwerker Wir sind Heidi Rauch und Michael-A. Konitzer, wohnen in M\u00fcnchen und seit 2010 auch mehrere Wochen im Jahr in unserem Haus in den mittelitalienischen Marken, in der Provinz Ascoli Piceno. Heidi Rauch: Ich bin Diplom-Journalistin, Autorin und PR-Beraterin (f\u00fcr\u00a0Schloss Amerang\u00a0und den\u00a0Golfclub M\u00fcnchen Eichenried). Au\u00dferdem schreibe ich regelm\u00e4\u00dfig meinen\u00a0Titanh\u00fcften-Blog\u00a0und habe\u00a0in meiner eigenen&hellip; <a href=\"http:\/\/www.oliopiceno.de\/?page_id=127\" class=\"more-link\">Weiterlesen <span class=\"screen-reader-text\">Wir<\/span><\/a><\/p>\n","protected":false},"author":2,"featured_media":1051,"parent":0,"menu_order":4,"comment_status":"open","ping_status":"open","template":"","meta":{"jetpack_post_was_ever_published":false,"footnotes":""},"tags":[675,676,674,145,673,45],"class_list":["post-127","page","type-page","status-publish","has-post-thumbnail","hentry","tag-belleggia-schuhe","tag-briefroman-berlinese-bavarese","tag-diplom-journalistin","tag-golfclub-muenchen-eichenried","tag-oliven-buch","tag-schloss-amerang","without-featured-image"],"jetpack_shortlink":"https:\/\/wp.me\/P33csz-23","jetpack_sharing_enabled":true,"_links":{"self":[{"href":"http:\/\/www.oliopiceno.de\/index.php?rest_route=\/wp\/v2\/pages\/127"}],"collection":[{"href":"http:\/\/www.oliopiceno.de\/index.php?rest_route=\/wp\/v2\/pages"}],"about":[{"href":"http:\/\/www.oliopiceno.de\/index.php?rest_route=\/wp\/v2\/types\/page"}],"author":[{"embeddable":true,"href":"http:\/\/www.oliopiceno.de\/index.php?rest_route=\/wp\/v2\/users\/2"}],"replies":[{"embeddable":true,"href":"http:\/\/www.oliopiceno.de\/index.php?rest_route=%2Fwp%2Fv2%2Fcomments&post=127"}],"version-history":[{"count":25,"href":"http:\/\/www.oliopiceno.de\/index.php?rest_route=\/wp\/v2\/pages\/127\/revisions"}],"predecessor-version":[{"id":1544,"href":"http:\/\/www.oliopiceno.de\/index.php?rest_route=\/wp\/v2\/pages\/127\/revisions\/1544"}],"wp:featuredmedia":[{"embeddable":true,"href":"http:\/\/www.oliopiceno.de\/index.php?rest_route=\/wp\/v2\/media\/1051"}],"wp:attachment":[{"href":"http:\/\/www.oliopiceno.de\/index.php?rest_route=%2Fwp%2Fv2%2Fmedia&parent=127"}],"wp:term":[{"taxonomy":"post_tag","embeddable":true,"href":"http:\/\/www.oliopiceno.de\/index.php?rest_route=%2Fwp%2Fv2%2Ftags&post=127"}],"curies":[{"name":"wp","href":"https:\/\/api.w.org\/{rel}","templated":true}]}}