{"id":148,"date":"2013-02-08T20:09:40","date_gmt":"2013-02-08T20:09:40","guid":{"rendered":"http:\/\/www.oliopiceno.de\/?page_id=148"},"modified":"2023-05-01T12:24:05","modified_gmt":"2023-05-01T12:24:05","slug":"was-sagen-genieser","status":"publish","type":"page","link":"http:\/\/www.oliopiceno.de\/?page_id=148","title":{"rendered":"Lob"},"content":{"rendered":"<p><strong>Zu unserer Oliven\u00f6lschule am 29. 4. 2023:<\/strong><\/p>\n<p>&#8222;Vielen Dank f\u00fcr diesen super Abend.&#8220; (Daniel E., PayPal-Einkauf 29. 4. 23)<\/p>\n<p>&#8222;Es war sehr interessant zu sehen, wie Eure Oliven\u00f6l-Kochschule abl\u00e4uft. Ihr seid ja super engagiert, mit Charme und Wissen, alles hat so geschmeckt, gratuliere!&#8220; (Ute A., per Mail 30. 4. 23)<\/p>\n<p><strong>Zu unserer Oliven\u00f6lschule am 18. 3. 2022:<\/strong><\/p>\n<p>&#8222;Samstagabend war ein richtig origineller &amp; besonderer Genuss-Abend f\u00fcr Geschmack und Gem\u00fct \ud83d\ude42 Und die Marken &#8211; ja, die sind einfach toll und es war sicher nicht das letzte Mal, dass wir dort waren!! Toll, dass ihr diese Leidenschaft nach M\u00fcnchen bringt :)&#8220; (Lena S., 20. 3. per Mail)<\/p>\n<p>&#8222;Vielen Dank nochmals f\u00fcr den wunderbaren Abend mit Oliven\u00f6l-Schule und Genuss \u2013 das Kochen habe ich ja anderen \u00fcberlassen &#x1f609;. Es hat gro\u00dfe Freude gemacht, wieder was gelernt &amp; interessante Menschen getroffen. Super!&#8220; (Claudia B., 21. 3., per Mail)<\/p>\n<p>&#8222;Ganz herzlichen Dank f\u00fcr den interessanten Abend mit einigem neuen Wissen und auch wohltuender Wissensbest\u00e4tigung rund um das Thema Oliven\u00f6l. Es hat Spa\u00df gemacht.&#8220; (Birgit S., 25. 3., per Mail)<\/p>\n<p><strong>Zu unserer Oliven\u00f6lschule 10. 9. 2022:<\/strong><\/p>\n<p>&#8222;Es war ein sehr\u00a0 informativer, lukullischer und gem\u00fctlicher Abend<br \/>\nbei Euch und daf\u00fcr danke ich sehr. Man f\u00fchlt die Liebe, nicht nur zwischen Euch beiden :-), sondern auch zu<br \/>\nEurem Italien mit all den Gen\u00fcssen und Besonderheiten, der Lebensart, den Menschen und vielem mehr.<br \/>\nEs war sch\u00f6n, dass Ihr uns daran habt teilhaben lassen!\u00a0 (Ulrike T., M\u00fcnchen, per Mail)<\/p>\n<p><strong>Zu unserer Ernte 2020:<\/strong><\/p>\n<p>&#8222;Mega lecker das \u00d6l!&#8220; (Karin F, P\u00f6\u00dfneck, 25. 5. 2021 per Mail)<\/p>\n<p>Wir freuen uns sehr, wenn unser Oliven\u00f6l, unsere Oliven\u00f6lschul-Abende und Oliven\u00f6l-Erntedankfeste gelobt und weiterempfohlen werden. Hier ein paar &#8222;ultimative Hymnen&#8220;:<\/p>\n<p><strong>Zu unserer Oliven\u00f6lschule beim &#8222;Wirth&#8220; in Niklasreuth am Irschenberg am 13. 9. 2019:<\/strong><\/p>\n<p>&#8222;Vielen Dank nochmal f\u00fcr den sch\u00f6nen Abend. Es war wirklich ganz toll, wie Ihr das macht.&#8220; (Claudia B., Vaterstetten, 16. 9. 19 per Mail)<\/p>\n<p><strong>Zu unseren neuen Flaschen:<\/strong><\/p>\n<p>&#8222;Wir haben sofort die dicken Oliven probiert. Die sind super! Wir wollten auch noch einmal sagen, dass das \u00d6l sich mit den neuen Verschl\u00fcsse sehr gut ausgie\u00dfen l\u00e4sst. Ein gro\u00dfe Verbesserung.&#8220; (Sabine P,, Berlin, 20. 6. 2019 per Mail)<\/p>\n<p><strong>Zu unserer Oliven\u00f6lschule beim &#8222;Wirth&#8220; in Niklasreuth am Irschenberg am 30. April 2019:<\/strong><\/p>\n<p>&#8222;Danke f\u00fcr den tollen Abend mit guten G\u00e4sten und <strong>hervorragender Bewirtung und \u00fcberzeugenden Informationen<\/strong>.&#8220; (Peter N,, Osterm\u00fcnchen, 1. Mai 2019 via e-mail).<\/p>\n<p><strong>Zu unserer Oliven\u00f6lschule in Berlin am 2. M\u00e4rz 2019:<\/strong><\/p>\n<p>&#8222;Ich wollte mich bedanken f\u00fcr gestern und Euch ein Kompliment machen: Ihr macht das einfach <strong>fantastisch<\/strong>, man lernt viel und isst hervorragend.&#8220; (Marita H., Berlin, 3. M\u00e4rz 2019 via e-mail)<\/p>\n<p><strong>Zu unserem 6. Oliven\u00f6l-Erntedankfest am 11. 11. 2018 auf Schloss Aufhausen bei Erding:<\/strong><\/p>\n<p>&#8222;Vielen herzlichen Dank f\u00fcr Deine ganze Arbeit, die Du mit diesem Erntedankfest hattest. Es war wie jedes Jahr <strong>super sch\u00f6n<\/strong>, gro\u00dfartig und wie immer wurden wir <strong>hervorragend verk\u00f6stigt und verw\u00f6hnt<\/strong>.&#8220; (Roland B., Vilshofen, 12. 11. 2018 per Mail)<\/p>\n<p>&#8222;War wieder ein <strong>einmalig sch\u00f6nes Event<\/strong>.&#8220; (Claudia B.-V., Solln, 13. 11. auf Facebook)<\/p>\n<p>&#8222;<strong>Tolle Stimmung<\/strong>, nette Leute.&#8220; (Anja Z., M\u00fcnchen, 13. 11. auf Facebook)<\/p>\n<p>&#8222;Das Fest ist wieder gut gelungen und hat Spa\u00df gemacht. Euer Oliven\u00f6l ist schon im Einsatz, schmeckt lecker.&#8220; (Gabi B., Erding, 13. 11. \u00fcber Facebook-Messenger)<\/p>\n<p>&#8222;Gratulation!!! War <strong>gro\u00dfartig<\/strong>.&#8220; (Tina M., M\u00fcnchen, 13. 11. auf Instagram)<\/p>\n<p><strong>Zu unserer ausgebuchten Oliven\u00f6lschule am 17. Februar 2018 in Berlin:<\/strong><\/p>\n<p>&#8222;Ich war gestern zusammen mit meiner Freundin Dagmar in Eurer Oliven\u00f6lschule und kann nur noch einmal sagen, es war sehr informativ und hat sehr viel Freude gebracht. Vielen Dank Euch beiden. Es hat mir auch noch einmal gezeigt, wie ausgezeichnet einfache Gerichte schmecken k\u00f6nnen.&#8220; (Marita H., Berlin, 18. 2. 2018 per Mail)<\/p>\n<p>&#8222;Wir danken Euch herzlich f\u00fcr den informativen Abend und das leckere Essen unter Michaels Regie! Auch all die Infos, die Ihr uns noch mitgegeben habt, <strong>perfekt<\/strong>!&#8220; (Monika K., Berlin, 18. 2. 2018 per Mail)<\/p>\n<p>&#8222;Ganz herzlichen Dank f\u00fcr den wunderbaren Abend.&#8220; (Wolfgang K, Berlin, 18. 2. 2018 per Mail)<\/p>\n<p><strong>Zu unserem Oliven\u00f6l der Ernte 2017:<\/strong><\/p>\n<p>&#8222;Das Oliven\u00f6l ist angekommen. Herrlich!!!! <strong>Ein Traum!!!<\/strong>&#8220; (Manuela R., Seddin b. Berlin, 2. 2. 2018 per Mail)<\/p>\n<p><strong>Zu unserer ausgebuchten Oliven\u00f6lschule am 25. Januar 2018 in M\u00fcnchen:<\/strong><\/p>\n<p>&#8222;Es war ein toller Abend mit netten Menschen, <strong>tollen Kochideen<\/strong>, die gerade in ihrer Schlichtheit so \u00fcberzeugen. Danke daf\u00fcr.&#8220; (Birgit H., M\u00fcnchen, 26. 1. 2018 auf Facebook&#8220;<\/p>\n<p><strong>Zu unserem 5. Oliven\u00f6l-Erntedankfest im Erdinger Schloss Aufhausen am 12. November 2017:<\/strong><\/p>\n<p>&#8222;War wunderbar und <strong>k\u00f6stlich wie immer<\/strong>.&#8220; (Susanne V., Erding, 12. 11. 17 auf Facebook)<\/p>\n<p>&#8222;Es war\u00a0 sehr sch\u00f6n bei Euch und das Ambiente vom Saal ist so passend italienisch. F\u00fcr das Linsengericht und den Kichererbsensalat war ich wohl zu sp\u00e4t dran, schade. War bestimmt auch super lecker, wie alles, was angeboten wurde.&#8220; (Ursula E., Prien, 13. 11. 17, per Mail)<\/p>\n<p>&#8222;Hat Spa\u00df gemacht gestern und einige <strong>leckere \u00d6le und Oliven<\/strong> haben wir uns ja gleich mitnehmen k\u00f6nnen. Den Wein bekommen wir geliefert, war alles wirklich lecker.&#8220; (Monika K., M\u00fcnchen, 13. 11. 17, per Mail)<\/p>\n<p><strong>Zu unserem ersten kleinen Oliven\u00f6l-Erntedankfest in Berlin am 29. Oktober 2017:<\/strong><\/p>\n<p>&#8222;Vielen Dank f\u00fcr den sch\u00f6nen und interessanten Nachmittag, der vor allem f\u00fcr den Gaumen <strong>ein Genuss<\/strong> war, und Dank f\u00fcr Eure <strong>liebe Gastlichkeit<\/strong>.&#8220; (Michaela und Gerd H, Berlin, 30. 10. 2017, per Mail)<\/p>\n<p><strong>Zu unserer Oliven\u00f6lschule am 16. September 2017 bei &#8222;Koch Dich gl\u00fccklich!&#8220;:<\/strong><\/p>\n<p>&#8222;Der Abend hat uns viel Spa\u00df gemacht. Wir haben hervorragend gegessen und getrunken, viel gelacht und <strong>viel gelernt<\/strong>.&#8220; (Beryl H., M\u00fcnchen, 17. 9. 2017)<\/p>\n<p>&#8222;Habe sehr viel mitgenommen gestern und die Region Marken nun auf meinen Reisplan 2018 gesetzt.&#8220; (Susanne E., M\u00fcnchen, 17. 9. 2017)<\/p>\n<p><strong>Zu unserer Oliven\u00f6lschule am 1. Juni 2017 bei &#8222;Koch Dich gl\u00fccklich!&#8220;:<\/strong><\/p>\n<p>&#8222;Wir haben den Abend sehr genossen!&#8220; (Cornelia L, Starnberg, 2. 6. 2017)<\/p>\n<p>&#8222;Danke f\u00fcr den sch\u00f6nen Abend.&#8220; (Peter W., M\u00fcnchen, 2. 6. 2017)<\/p>\n<p>&#8222;Es war ein wirklich wunderbarer Abend bei\/mit Euch.&#8220; (Petra N., Vaterstetten, 2. 6. 2017)<\/p>\n<p>&#8222;Es war ein gro\u00dfes Vergn\u00fcgen &#8211; dieser Abend mit Euch. Hinrei\u00dfend!&#8220; (Cordula F., M\u00fcnchen, 2. 6. 2017)<\/p>\n<p><strong>Zu unserem Oliven\u00f6lschul-Abend am 12. Mai 2017 bei &#8222;Koch Dich gl\u00fccklich!&#8220; in M\u00fcnchen:<\/strong><\/p>\n<p>&#8222;Danke f\u00fcr den wirklich sch\u00f6nen Abend und die Plattform f\u00fcr den aufstrebenden `Jungautor` und sein Erstlingswerk `Ich bleib` dann mal dick`. (Claus Jahrmann, 13. 5. 2017 auf Facebook)<\/p>\n<p>&#8222;Toll war&#8217;s, lecker und ich habe ganz viel gelernt in Eurer Olivenschule und bei der Oliven\u00f6lverkostung. Das war echt klasse.&#8220; (Karin P., M\u00fcnchen, 13. 5. 2017 auf Facebook)<\/p>\n<p><strong>Zu unserer Oliven\u00f6lschule am 17. 3. 2017 bei &#8222;Koch Dich gl\u00fccklich!&#8220; in M\u00fcnchen:<\/strong><\/p>\n<p>&#8222;Herzlichen Dank an <a class=\"profileLink\" href=\"https:\/\/www.facebook.com\/profile.php?id=100011495079881\" data-hovercard=\"\/ajax\/hovercard\/user.php?id=100011495079881\" data-hovercard-prefer-more-content-show=\"1\">Heidi Rauch<\/a> und Michael Konitzer von der Oliven\u00f6l-Schule und allen Teilnehmenden. Es war ein wundersch\u00f6ner Abend mit netten Menschen, leckerem Essen und interessanten Gespr\u00e4chen. Wir haben gelernt gutes, sauberes und handwerklich produziertes Oliven\u00f6l von industriell minderwertigem zu unterscheiden. Heidi und Michael wissen wovon sie sprechen. In ihrem Olivenhain, in den Marken in Mittelitalien, begleiten sie jeden Schritt im Produktionsprozess. Mit diesem wunderbaren Produkt wurde unter Anleitung von Heidi und Michael ein hervorragendes italienisches Men\u00fc zubereitet. Sehr zu empfehlen als Einstieg das Buch von Heidi: &#8220; Oliven &#8211; Eine Liebeserkl\u00e4rung an den S\u00fcden&#8220;. <span class=\"_5mfr _47e3\"><img loading=\"lazy\" decoding=\"async\" class=\"img\" src=\"https:\/\/www.facebook.com\/images\/emoji.php\/v8\/f27\/1.5\/16\/1f600.png\" alt=\"\" width=\"16\" height=\"16\" \/><\/span><span class=\"_5mfr _47e3\"><img loading=\"lazy\" decoding=\"async\" class=\"img\" src=\"https:\/\/www.facebook.com\/images\/emoji.php\/v8\/ff4\/1.5\/16\/2600.png\" alt=\"\" width=\"16\" height=\"16\" \/><span class=\"_7oe\">&#x2600;<\/span><\/span><span class=\"_5mfr _47e3\"><img loading=\"lazy\" decoding=\"async\" class=\"img\" src=\"https:\/\/www.facebook.com\/images\/emoji.php\/v8\/f91\/1.5\/16\/1f34a.png\" alt=\"\" width=\"16\" height=\"16\" \/><\/span><span class=\"_5mfr _47e3\"><img loading=\"lazy\" decoding=\"async\" class=\"img\" src=\"https:\/\/www.facebook.com\/images\/emoji.php\/v8\/f12\/1.5\/16\/1f34b.png\" alt=\"\" width=\"16\" height=\"16\" \/><\/span><span class=\"_5mfr _47e3\"><img loading=\"lazy\" decoding=\"async\" class=\"img\" src=\"https:\/\/www.facebook.com\/images\/emoji.php\/v8\/fe6\/1.5\/16\/1f346.png\" alt=\"\" width=\"16\" height=\"16\" \/><\/span><span class=\"_5mfr _47e3\"><img loading=\"lazy\" decoding=\"async\" class=\"img\" src=\"https:\/\/www.facebook.com\/images\/emoji.php\/v8\/f97\/1.5\/16\/1f9c0.png\" alt=\"\" width=\"16\" height=\"16\" \/><\/span> Und dann auf zur Oliven\u00f6l-Schule!&#8220; (Sandra H., 18. 3. 2017 auf Facebook)<\/p>\n<p><strong>Zu unserer Oliven\u00f6lschule am 3. 3. 2017 in Erding:<\/strong><\/p>\n<p>&#8222;Vielen Dank f\u00fcr den tollen und informativen Abend. Hat uns sehr viel Spa\u00df gemacht.&#8220; (Margot und Werner K., M\u00fcnchen, 4. 3. 2017)<\/p>\n<p>&#8222;Danke f\u00fcr den sch\u00f6nen Abend.&#8220; (Alfred P., Pliening, 4. 3. 2017)<\/p>\n<p><strong>Zu unserer Oliven\u00f6lschule am 18. 2. 2017 in Berlin:<\/strong><\/p>\n<p>&#8222;Es war ein sehr sch\u00f6ner Abend am Samstag und ihr beide habt das wirklich toll gemacht. Ich habe gleich gestern etwas ausprobiert. :-).&#8220; (Ulrike S., Berlin, 21. 2. 2017)<\/p>\n<p>&#8222;Meine Freunde und ich haben Dir und Michael f\u00fcr den interessanten und wundersch\u00f6nen Abend zu danken. An den Tagen danach stand bei allen Treffen das Thema Oliven\u00f6l im Mittelpunkt. Wir haben Vieles, was wir von Euch gelernt haben, weiter gegeben.&#8220; (Ingrid B., Berlin, 21. 2. 2017)<\/p>\n<p>Zu meinem <strong>Buch &#8222;Oliven &#8211; Eine Liebeserkl\u00e4rung an den S\u00fcden&#8220;<\/strong> &#8211; s. dazu auch die amazon-Rezensionen. Es gibt aber auch sehr nette Mails dazu:<\/p>\n<p>&#8222;Zum Geburtstag bekam ich Das von Ihnen geschriebene Buch geschenkt. Etwas entt\u00e4uscht &#8211; hm, ein Buch \u00fcber Oliven &#8211; begann ich aber doch, darin zu lesen, da es von meiner besten Freundin kam. Ihre Schilderungen und auch Ihre Art, zu schreiben, zogen mich gleich in ihren Bann, obwohl nicht alles neu f\u00fcr mich war. Jetzt freue ich mich auf das feine \u00d6l f\u00fcr meine Familie, meine Freunde und mich.&#8220; (Monika Z., Schwarzwald, 8. 2. 2017)<\/p>\n<p><strong>Zu unserem Oliven\u00f6l, Ernte Oktober, 2016:<\/strong><\/p>\n<p>&#8222;Verkostungsnotiz Eures \u00d6ls heute Abend: erst pur, dann am Salat, dann zum Braten des Schweinefilets und der Pilze: sehr hochwertig, im Geruch auch die von mir so geliebte unreife Banane, aber uns beiden fehlte (reine Geschmackssache), das Gr\u00fcne, Grasige, das wir beim Oliven\u00f6l so m\u00f6gen. Etwas zu mild f\u00fcr uns, bei erkennbar hoher Qualit\u00e4t. Sch\u00f6ne Sch\u00e4rfe im Abgang.&#8220; (Volker S., Berlin, 23. 1. 2017)<\/p>\n<p>&#8222;\u00d6l wohlbehalten eingetroffen. Wunderbar! Und in der Tat au\u00dfergew\u00f6hnlich mild, jedenfalls auf der Zunge. In der Nase weitaus intensiver. F\u00fcr meine Zwecke genau richtig. Besten Dank.&#8220; (Marcus R., Bonn, 31. 1. 2017)<\/p>\n<p><strong>Zu unserer Oliven\u00f6lschule, 21. Januar 2017, Berlin:<\/strong><\/p>\n<p>&#8222;Es war ein toller Abend und sehr lehrreich. Dazu noch super lecker. Ich hoffe Ihr werdet noch viele dieser Abende machen. Und Eure Leidenschaft und Wissen den Leuten n\u00e4her bringen.&#8220; (Daniela B., Berlin, 22. 1. 2017)<\/p>\n<p>&#8222;Eure Kochschule fand ich sehr informativ und schmackhaft.&#8220; (Andrea H., Berlin, 22. 1. 2017)<\/p>\n<p>\u201eFand es sehr nett und spannend bei Euch. So habe ich bisher nur Wein getestet. Gestern Nacht noch kurz Euer \u00d6l gekostet, toll! Michaels Pr\u00e4sentation der \u00d6le fand ich sehr angenehm, souver\u00e4n, informativ ohne belehrend zu wirken.\u201c (Volker S, Berlin, 22. 1. 2017)<\/p>\n<p><strong>Zu unserer Oliven\u00f6lschule, 25. Mai und 22. Juni 2016, M\u00fcnchen:<\/strong><\/p>\n<p style=\"background: white;\"><span style=\"font-family: 'Verdana','sans-serif'; color: black;\">Darf ich euch herzlich danke sagen, f\u00fcr den stimmungsvollen und lehrreichen Abend.\u00a0<\/span><span style=\"font-family: 'Verdana','sans-serif'; color: black;\">Ich habe mich sehr gefreut \u00fcber die ebenfalls sehr angenehmen &#8222;Mitsch\u00fclerinnen und Mitsch\u00fcler&#8220;. Ihr habt mir gestern viel Freude bereitet. (Ilona W., M\u00fcnchen, 23. 6. 2016)<\/span><\/p>\n<p>&#8222;Vielen herzlichen Dank f\u00fcr den wirklich sehr gelungenen Abend gestern. Es war so gem\u00fctlich wie eine Einladung bei den besten Freunden.&#8220; (Marzena W., Eichenried, 26. 5. 2016)<\/p>\n<p>&#8222;Vielen Dank f\u00fcr die wunderbare Veranstaltung. F\u00fcr mich war das genau die richtige Mischung aus Wissenserweiterung, Hungerstillen und neu Menschen kennenlernen. Ich habe die entspannte Atmosph\u00e4re und\u00a0 das dabei vermittelte Wissen und servierte Essen sehr genossen.&#8220; (Eva S., Ottobrunn, 26. 5. 2016)<\/p>\n<p><strong>Zu unserem\u00a0Oliven\u00f6l Ernte Oktober 2015<\/strong><\/p>\n<p>&#8222;Heute haben wir ihr wunderbares Peperoncino-Oliven\u00f6l mit selbstgemachen Ravioli gegessen und waren total begeistert!&#8220; (Susanne W., Moosinning, 15. 5. 2016)<\/p>\n<p>&#8222;Ihr Oliven\u00f6l ist der Hammer. Ich habe schon etliche Kostproben verteilt mit Ihrer Adresse und werde demn\u00e4chst wieder bestellen.&#8220; (Rolf W., Kieselbronn, 5. 5. 2016)<\/p>\n<p>&#8222;Voll lecker, Euer \u00d6l. Yumyumyum!&#8220; (Facebook-Eintrag von K\u00fcnstler Kiddy Citny, Berlin,\u00a029. 4. 2016)<\/p>\n<p>&#8222;\u00dcber meinen \u00d6lvorrat freue ich mich jetzt richtig. So kann ich doch unbedenklich mit bestem \u00d6l kochen.&#8220; (Roland B., Vilshofen, 2. 4. 2016)<\/p>\n<p>&#8222;Ihr Oliven\u00f6l schmeckt \u00fcbrigens fantastisch!\u00a0Klasse was Sie machen, weiter so :-)&#8220; (Tatjana D., Bad Mergentheim, 26. 2. 2016)<\/p>\n<p>&#8222;Wir sind ja so gl\u00fccklich mit Eurem Oliven\u00f6l!&#8220; (Stefanie M., Vagen, 10. 2. 2016)<\/p>\n<p>&#8222;Vielen Dank f\u00fcr Ihre kostbare Lieferung.\u00a0Ich genie\u00dfe das \u00d6l. Es schmeckt frisch, fruchtig und auch scharf.&#8220; (Sonja P., Berlin, 13. 11. 2015)<\/p>\n<p><strong>Zu unserem Olivenbl\u00e4tter-Tee<\/strong><\/p>\n<p>&#8222;Olio T\u00e8 ist ein sehr guter Kaffee-Ersatz.&#8220; (Ilona W., M\u00fcnchen, 17. 4. 2015)<\/p>\n<p><strong>Zu unserem Oliven\u00f6l-Erntedankfest<\/strong><\/p>\n<p>&#8222;Sehr nett und super lecker war es beim Oliven-Fest heute! Vielen Dank f\u00fcr alles, was Ihr da auf die Beine gestellt habt!&#8220; (Christoph M., Vagen, 13. 11. 2016)<\/p>\n<p>&#8222;Wie jedes Jahr , war es mal wieder sehr sch\u00f6n und es ist so, als ob man in einer gro\u00dfen Familie w\u00e4re <span class=\"_5mfr _47e3\"><img loading=\"lazy\" decoding=\"async\" class=\"img\" src=\"https:\/\/www.facebook.com\/images\/emoji.php\/v5\/f7f\/1\/16\/1f60a.png\" width=\"16\" height=\"16\" \/><\/span>Super.&#8220; (Birgit J., Zorneding, 14. 11. 2016 \u00fcber Facebook)<\/p>\n<p>&#8222;Wir\u00a0haben uns sehr gefreut, Ihnen und Ihren Mann\u00a0 begegnen zu d\u00fcrfen. Welch&#8216; eine inspirierende F\u00fclle an Lebenserfahrung, Lebensfreude ,Engagement, Gro\u00dfz\u00fcgigkeit und Humor ! &#8230;und danke f\u00fcr die sch\u00f6ne Veranstaltung!&#8220; (Kerstin R., Rimsting, 15. 11. 2016)<\/p>\n<p>&#8222;Es war ein rundum toller Tag, das Ambiente, du\/ihr einfach einzigartig !\u00a0Ich liebe ja Menschen und es waren\u00a0 nur interessante, liebensw\u00fcrdige Menschen anwesend, es gab nette Gespr\u00e4che und einfach K\u00f6stlichkeiten ohne Ende!&#8220; (Claudia B., M\u00fcnchen 15. 11. 2015)<\/p>\n<p>&#8222;Euer Olivenfest war wunderbar. So eine sch\u00f6ne Atmosph\u00e4re. Ich glaube, ich muss nochmals 2 Flaschen Oliven\u00f6l bestellen. Hoffentlich habt Ihr noch welches.&#8220; (Ute A., M\u00fcnchen, 21. 11. 2014)<\/p>\n<p><strong>Oliven\u00f6l Ernte Oktober 2014<\/strong><\/p>\n<p>&#8222;Irgendwie erscheint mir die letzte Charge besonders lecker, allein der Duft\u00a0\ud83d\ude09 Mein Lieblingsessen: \u00a0Verschiedener Edelfisch mit einigen Garnelen in Oliven\u00f6l mit Salz, Pfeffer und zum Schluss etwas Zitronensaft gebraten. Dazu Ruccola mit Eurem \u00d6l und Aceto. Mehr braucht&#8217;s nicht, einfach himmlisch.&#8220; (Ursula E., Prien, 17. 3. 2015)<\/p>\n<p>&#8222;Der erste Eindruck von Ihrem Oliven\u00f6l 2014: Grandios! Ein weiches, sehr fruchtiges (mit Ankl\u00e4ngen von reifen Bananen) und ungemein leckeres, feines \u00d6l. Hervorragend!&#8220; (Marcus R., Berlin, 9. 11. 2014)<\/p>\n<p>&#8222;Vielen Dank f\u00fcr die Oliven\u00f6l-Lieferung. Es ist soooo gut!&#8220; (Katharina M., Eichenried, 7. 11. 2014)<\/p>\n<p><strong>Oliven\u00f6l Ernte Oktober 2013<\/strong><\/p>\n<p>&#8222;Meine Frau Katrin war von Deinem \u00d6l so beeindruckt, dass Sie gleich in der Familie und bei Freunden geschw\u00e4rmt hat.\u00a0K\u00f6nntest Du zudem an meine Mutter \/ meine Eltern eine Flasche per Post senden?&#8220; (Dr. Jens H., M\u00fcnchen, 25. 5. 2014)<\/p>\n<p>&#8222;Euer Oliven\u00f6l ist so gut \u2013 h\u00e4lt demnach nicht lange bei mir und die Vorr\u00e4te sind rasch \u00a0ersch\u00f6pft.\u00a0Ich bin auch an dem Aceto, 7 Jahre und 10 Jahre, interessiert. Einen guten Balsamico zu finden ist wahrlich nicht einfach,\u00a0und es geht nur \u00fcber Kontakte.&#8220; (Jacqueline B., M\u00fcnchen, 20. 5. 2014)<\/p>\n<p><strong>Oliven\u00f6l Ernte Oktober 2012<\/strong><\/p>\n<p>&#8222;Liebe Heidi,\u00a0danke Dir. Dein \u00d6l schmeckt prima und ich nehme immer wieder gerne welches!&#8220; (Daniela S., Eichenried, 23. 7. 2013)<\/p>\n<p>&#8222;Vielen Dank f\u00fcr die Zusendung des \u00d6ls. Es ist so wunderbar!!!\u00a0Uns schmeckt dieses \u00d6l ganz hervorragend \u2013 wir konnten kaum aufh\u00f6ren\u2026&#8220; (Claudia G, M\u00fcnchen, 22. 7. 2013)<\/p>\n<p>&#8222;Dein Oliven\u00f6l ist super. Wir haben letztes Mal Besuch gehabt und haben es zur Vorspeise verwendet und dann noch jedem ein Sch\u00e4lchen mit Wei\u00dfbrot zum Dippen gegeben.\u00a0Waren alle begeistert. Das war nicht die letzte Flasche die Du uns verkauft hast!!!!!&#8220; (Daniela Z., Forstinning, 15. 3. 2013)<\/p>\n<p>&#8222;Ich wollte Dir sagen, dass Euer Oliven\u00f6l ganz hervorragend schmeckt!\u00a0Vielen Dank!&#8220; (Kersten S., Unterhaching, 13. 2. 2013)<\/p>\n<p>&#8222;Also Euer Oliven\u00f6l ist ein Gedicht!!!!!!! Super &#8211; wir freuen uns schon auf den Fr\u00fchling und Sommer, wo es bestimmt mit reifen Tomaten, Rucola und Mozzarella herrlich schmeckt!&#8220; (Elisabeth F., Erding, 8. 2. 2013)<\/p>\n<p>&#8222;Ich m\u00f6chte mich f\u00fcr Euer Oliven\u00f6l bedanken &#8211; echt der Hit! Du wei\u00dft ja, dass ich wirklich gro\u00dfen Wert auf gutes Essen und gute Produkte lege, Dein \u00d6l ist sensationell. Ich nehme gerne wieder welches, wenn Du was hast. Vielen Dank daf\u00fcr.&#8220; (Kornelia H., M\u00fcnchen, 7. 2. 2013)<\/p>\n","protected":false},"excerpt":{"rendered":"<p>Zu unserer Oliven\u00f6lschule am 29. 4. 2023: &#8222;Vielen Dank f\u00fcr diesen super Abend.&#8220; (Daniel E., PayPal-Einkauf 29. 4. 23) &#8222;Es war sehr interessant zu sehen, wie Eure Oliven\u00f6l-Kochschule abl\u00e4uft. Ihr seid ja super engagiert, mit Charme und Wissen, alles hat so geschmeckt, gratuliere!&#8220; (Ute A., per Mail 30. 4. 23) Zu unserer Oliven\u00f6lschule am 18.&hellip; <a href=\"http:\/\/www.oliopiceno.de\/?page_id=148\" class=\"more-link\">Weiterlesen <span class=\"screen-reader-text\">Lob<\/span><\/a><\/p>\n","protected":false},"author":2,"featured_media":820,"parent":1,"menu_order":3,"comment_status":"open","ping_status":"open","template":"","meta":{"jetpack_post_was_ever_published":false,"footnotes":""},"tags":[678,677,461,97],"class_list":["post-148","page","type-page","status-publish","has-post-thumbnail","hentry","tag-ambiente","tag-erntedankfest","tag-olivenoelschule","tag-schloss-aufhausen","without-featured-image"],"jetpack_shortlink":"https:\/\/wp.me\/P33csz-2o","jetpack_sharing_enabled":true,"_links":{"self":[{"href":"http:\/\/www.oliopiceno.de\/index.php?rest_route=\/wp\/v2\/pages\/148"}],"collection":[{"href":"http:\/\/www.oliopiceno.de\/index.php?rest_route=\/wp\/v2\/pages"}],"about":[{"href":"http:\/\/www.oliopiceno.de\/index.php?rest_route=\/wp\/v2\/types\/page"}],"author":[{"embeddable":true,"href":"http:\/\/www.oliopiceno.de\/index.php?rest_route=\/wp\/v2\/users\/2"}],"replies":[{"embeddable":true,"href":"http:\/\/www.oliopiceno.de\/index.php?rest_route=%2Fwp%2Fv2%2Fcomments&post=148"}],"version-history":[{"count":59,"href":"http:\/\/www.oliopiceno.de\/index.php?rest_route=\/wp\/v2\/pages\/148\/revisions"}],"predecessor-version":[{"id":1623,"href":"http:\/\/www.oliopiceno.de\/index.php?rest_route=\/wp\/v2\/pages\/148\/revisions\/1623"}],"up":[{"embeddable":true,"href":"http:\/\/www.oliopiceno.de\/index.php?rest_route=\/wp\/v2\/pages\/1"}],"wp:featuredmedia":[{"embeddable":true,"href":"http:\/\/www.oliopiceno.de\/index.php?rest_route=\/wp\/v2\/media\/820"}],"wp:attachment":[{"href":"http:\/\/www.oliopiceno.de\/index.php?rest_route=%2Fwp%2Fv2%2Fmedia&parent=148"}],"wp:term":[{"taxonomy":"post_tag","embeddable":true,"href":"http:\/\/www.oliopiceno.de\/index.php?rest_route=%2Fwp%2Fv2%2Ftags&post=148"}],"curies":[{"name":"wp","href":"https:\/\/api.w.org\/{rel}","templated":true}]}}