{"id":155,"date":"2013-02-10T11:29:10","date_gmt":"2013-02-10T11:29:10","guid":{"rendered":"http:\/\/www.oliopiceno.de\/?page_id=155"},"modified":"2019-12-28T18:30:08","modified_gmt":"2019-12-28T18:30:08","slug":"verwendung","status":"publish","type":"page","link":"http:\/\/www.oliopiceno.de\/?page_id=155","title":{"rendered":"Verwendung"},"content":{"rendered":"<p>Jaaaaaa doch!!!! <strong>Oliven\u00f6l ist ideal zum Braten!<\/strong> Bitte nicht dieser alten M\u00e4r glauben, die andere Samen\u00f6l-Produzenten mit starker Lobby vor Jahren in die Welt gesetzt haben. Sie wissen doch auch l\u00e4ngst als kluger Verbraucher, dass Spinat gar nicht so eisenhaltig ist, wie es dereinst f\u00e4lschlich in die Welt gesetzt und millionenfach falsch abgeschrieben wurde. Oliven\u00f6l kann und darf auf jeden Fall <strong>bis 180 Grad<\/strong> erhitzt werden, ja sogar dar\u00fcber. Zwar gehen dann die wertvollen <strong>Polyphenole<\/strong> fl\u00f6ten, aber es ist immer noch ein hervorragendes Brat\u00f6l.<\/p>\n<figure id=\"attachment_949\" aria-describedby=\"caption-attachment-949\" style=\"width: 225px\" class=\"wp-caption alignleft\"><img loading=\"lazy\" decoding=\"async\" class=\"size-medium wp-image-949\" src=\"http:\/\/www.oliopiceno.de\/wp-content\/uploads\/2017\/01\/HeidiRobbyZucchini-225x300.jpg\" alt=\"So ist&#96;s richtig: Die Herren an den Pfannen und ich schaue zu!\" width=\"225\" height=\"300\" data-id=\"949\" srcset=\"http:\/\/www.oliopiceno.de\/wp-content\/uploads\/2017\/01\/HeidiRobbyZucchini-225x300.jpg 225w, http:\/\/www.oliopiceno.de\/wp-content\/uploads\/2017\/01\/HeidiRobbyZucchini.jpg 720w\" sizes=\"(max-width: 225px) 100vw, 225px\" \/><figcaption id=\"caption-attachment-949\" class=\"wp-caption-text\"><\/em> <em>So ist`s richtig: Die Herren an den Pfannen und ich schaue zu!<\/em><\/figcaption><\/figure>\n<p>Zitat aus <a title=\"Merum-Zeitschrift f\u00fcr Wein und Oliven\u00f6l in Italien\" href=\"http:\/\/www.merum.info\" target=\"_blank\" rel=\"noopener noreferrer\">&#8222;Merum&#8220;<\/a>, der Zeitschrift f\u00fcr Wein und Oliven\u00f6l aus Italien:\u00a0<em>&#8222;Extra Vergine-Oliven\u00f6l ist deshalb besser als Samen\u00f6le zum Erhitzen geeignet, weil <strong>einfach unges\u00e4ttigte Fetts\u00e4uren beim Erhitzen l\u00e4nger stabil bleiben als mehrfach unges\u00e4ttigte<\/strong>. Extra Vergine wird zudem dank des Gehaltes an nat\u00fcrlichen <strong>Antioxidantien<\/strong> durch Hitze weit weniger rasch gesch\u00e4digt als raffinierte \u00d6le (die meisten Samen\u00f6le, aber auch rektifiziertes Oliven\u00f6l).&#8220;<\/em><\/p>\n<p>\u00dcbrigens: Oliven\u00f6l ist das einzige \u00d6l, das dank seiner Herstellung durch Kaltextraktion aus der gesamten Frucht, ein <strong>reines Naturprodukt<\/strong> ist. Alle Samen\u00f6le m\u00fcssen hocherhitzt werden, damit die Kerne (Sonnenblume, K\u00fcrbiskerne) oder Samen (Hanf, Lein\u00f6l) ihr \u00d6l hergeben. Dazu werden oft chemische Hilfsstoffe eingesetzt wie z. B. Hexan, um das \u00d6l aus den Samen herauszul\u00f6sen. Selbst bei hochwertigen Bio-Samen\u00f6len hat das <strong>\u00d6ko-Test-Magazin<\/strong> im Mai 2014 R\u00fcckst\u00e4nde wie gar Mineral\u00f6l entdeckt!<\/p>\n<figure id=\"attachment_855\" aria-describedby=\"caption-attachment-855\" style=\"width: 300px\" class=\"wp-caption alignright\"><img loading=\"lazy\" decoding=\"async\" class=\"size-medium wp-image-855\" src=\"http:\/\/www.oliopiceno.de\/wp-content\/uploads\/2016\/08\/ProdukteKorbSommer-800x533-300x200.jpg\" alt=\"Ein Korb voller K\u00f6stlichkeiten aus Italien\" width=\"300\" height=\"200\" data-id=\"855\" srcset=\"http:\/\/www.oliopiceno.de\/wp-content\/uploads\/2016\/08\/ProdukteKorbSommer-800x533-300x200.jpg 300w, http:\/\/www.oliopiceno.de\/wp-content\/uploads\/2016\/08\/ProdukteKorbSommer-800x533-768x512.jpg 768w, http:\/\/www.oliopiceno.de\/wp-content\/uploads\/2016\/08\/ProdukteKorbSommer-800x533.jpg 800w\" sizes=\"(max-width: 300px) 100vw, 300px\" \/><figcaption id=\"caption-attachment-855\" class=\"wp-caption-text\"><em>Ein Korb voller K\u00f6stlichkeiten aus Italien &#8211; u. a. mit Vino Cotto, Limoncello, Limonolio, Olio T\u00e8, Aceto Balsamico, schwarzen Kichererbsen uvm.<\/em><\/figcaption><\/figure>\n<p><strong>Salate und Mozzarella &#8211; mit echtem Aceto Balsamico<\/strong><\/p>\n<p>Oliven\u00f6l ist in der K\u00fcche wirklich universell einsetzbar. Wunderbar ist es zu Salaten und im Sommer zu Mozzarella und Tomaten mit Basilikum &#8211; in Kombination mit einem\u00a0exzellenten, ebenfalls ehrlich handwerklich und traditionell erzeugten<strong> Aceto Balsamico<\/strong>. Den haben wir seit Mai 2014 \u00fcbrigens von einer Acetaia bei Modena auch im Angebot! An dieser Stelle eine eindringliche Warnung: <strong>H\u00e4nde weg von der &#8222;Crema di Balsamico&#8220;<\/strong>. Dieses industrielle Produkt besteht zu \u00fcber 50 Prozent aus <strong>k\u00fcnstlichen Zuckerersatzstoffen<\/strong>! Im schlimmsten Fall verursachen die Durchfall.<\/p>\n<p><strong>Finish \u00fcber Fleisch, Fisch und Spaghetti<\/strong><\/p>\n<figure id=\"attachment_1149\" aria-describedby=\"caption-attachment-1149\" style=\"width: 200px\" class=\"wp-caption alignleft\"><img loading=\"lazy\" decoding=\"async\" class=\"size-medium wp-image-1149\" src=\"http:\/\/www.oliopiceno.de\/wp-content\/uploads\/2018\/01\/KonfierterLachsBl\u00e4schen0389-200x300.jpg\" alt=\"Wenn er Eiwei\u00dfbl\u00e4schen zeigt, ist der konfierte Lachs fertig sanft gegart.\" width=\"200\" height=\"300\" data-id=\"1149\" srcset=\"http:\/\/www.oliopiceno.de\/wp-content\/uploads\/2018\/01\/KonfierterLachsBl\u00e4schen0389-200x300.jpg 200w, http:\/\/www.oliopiceno.de\/wp-content\/uploads\/2018\/01\/KonfierterLachsBl\u00e4schen0389-768x1152.jpg 768w, http:\/\/www.oliopiceno.de\/wp-content\/uploads\/2018\/01\/KonfierterLachsBl\u00e4schen0389-683x1024.jpg 683w, http:\/\/www.oliopiceno.de\/wp-content\/uploads\/2018\/01\/KonfierterLachsBl\u00e4schen0389.jpg 1728w\" sizes=\"(max-width: 200px) 100vw, 200px\" \/><figcaption id=\"caption-attachment-1149\" class=\"wp-caption-text\"><em>Wenn er Eiwei\u00dfbl\u00e4schen zeigt, ist der konfierte Lachs fertig sanft gegart.<\/em><\/figcaption><\/figure>\n<p>Den richtigen Pfiff gibt Oliven\u00f6l als &#8222;Finish&#8220;.\u00a0Unbedingt bei Fleisch- oder Fischgerichten frisches Oliven\u00f6l nach dem Braten oder D\u00fcnsten <strong>oben drauf zum Verfeinern tr\u00e4ufeln<\/strong>. Durchaus gro\u00dfz\u00fcgig wie es die Italiener tun. Oder gleich den Fisch mit Oliven\u00f6l einreiben, d. h. k<strong>onfieren<\/strong>. Zum Beispiel ein St\u00fcck Lachsfilet rundherum d\u00fcnn mit Oliven\u00f6l einreiben und im vorgeheizten Backofen bei 100 Grad ca. 15-17 Minuten garen.<\/p>\n<p>Wunderbar auch einfach \u00fcber Spaghetti &#8211; ja, nur Oliven\u00f6l, kein Parmesan, kein Knoblauch. Oder doch <strong>Aglio Olio<\/strong> (= mit Knoblauch und Oliven\u00f6l): Spaghetti in reichlich Salzwasser al dente kochen (Tipp: das Wasser wird im Wasserkocher schneller hei\u00df!), abgie\u00dfen, in den noch hei\u00dfen Topf zur\u00fcckgeben. Knoblauch durch die Presse dr\u00fccken und zusammen mit dem Oliven\u00f6l unter die Spaghetti mischen. Evtl. noch mit Salz abschmecken, dann hei\u00df servieren.<\/p>\n<p><strong>Zu Spargel<\/strong><\/p>\n<p>Oder Spargel mit Oliven\u00f6l &#8211; statt mit Butter oder Sauce Hollandaise. Auch\u00a0unbedingt mal <strong>Bozner Sauce<\/strong> mit Oliven\u00f6l probieren! <strong>Rezept:<\/strong> 4 hartgekochte Eier, 2 EL Senf, 2 \u2013 4 EL Oliven\u00f6l, 1 TL Mayonnaise, 1 TL Zitronensaft, frisch gehackte Kr\u00e4uter (Petersilie, Schnittlauch), Pfeffer &amp; Salz. Die hartgekochten Eigelbe durch ein Sieb dr\u00fccken, die Eiwei\u00dfe sehr fein hacken; passiertes Eigelb, Senf, Mayonnaise und Oliven\u00f6l gut vermischen, Kr\u00e4uter und Eiwei\u00df hinzugeben, abschmecken.<\/p>\n<p><strong>Zum Backen<\/strong><\/p>\n<figure id=\"attachment_194\" aria-describedby=\"caption-attachment-194\" style=\"width: 300px\" class=\"wp-caption alignright\"><img loading=\"lazy\" decoding=\"async\" class=\"size-medium wp-image-194\" src=\"http:\/\/www.oliopiceno.de\/wp-content\/uploads\/2013\/02\/SchmandObstKuchen-300x225.jpg\" alt=\"Schmand-Obst-Sandkuchen mit Olio Piceno\" width=\"300\" height=\"225\" data-id=\"194\" srcset=\"http:\/\/www.oliopiceno.de\/wp-content\/uploads\/2013\/02\/SchmandObstKuchen-300x225.jpg 300w, http:\/\/www.oliopiceno.de\/wp-content\/uploads\/2013\/02\/SchmandObstKuchen-1024x768.jpg 1024w, http:\/\/www.oliopiceno.de\/wp-content\/uploads\/2013\/02\/SchmandObstKuchen.jpg 2048w\" sizes=\"(max-width: 300px) 100vw, 300px\" \/><figcaption id=\"caption-attachment-194\" class=\"wp-caption-text\"><em>Schmand-Obst-Sandkuchen mit Olio Piceno<\/em><\/figcaption><\/figure>\n<p>Mildes Oliven\u00f6l verwenden wir auch zum Backen, etwa beim<strong>\u00a0&#8222;Schmand-Sand-Obstkuchen mit Olio Piceno&#8220;<\/strong>.\u00a0Das S\u00fcdtiroler Rezept f\u00fcr einen &#8222;Sauerrahm-Sandkuchen&#8220; habe ich schon mehrmals\u00a0abgewandelt und in der <strong>Kastenform<\/strong> (30 x 12 cm) gebacken. Das <strong>Rezept:<\/strong>\u00a0F\u00fcr die\u00a0<em>Oliven\u00f6lmasse<\/em>\u00a03 Eigelb plus eine Prise Salz mit 80 ml Olio Piceno, einem Becher Schmand (200 g), Saft und Schalenabrieb von einer unbehandelten Orange und einer unbehandelten Zitrone verr\u00fchren, 150 g Zucker zugeben, glattr\u00fchren. F\u00fcr den\u00a0<em>Eischnee<\/em>\u00a03 Eiwei\u00df mit 70 g Zucker zu klebrigem Schnee schlagen (macht nichts, wenn der Schnee nicht &#8222;steht&#8220;); f\u00fcr den <em>Teig<\/em>\u00a0200 g Mehl mit 1 Teel\u00f6ffel Backpulver vermischen und abwechselnd mit dem Eischnee in die Oliven\u00f6lmasse einr\u00fchren. Zum Schluss 150 &#8211; 200 g Kompottfr\u00fcchte unterheben (etwa\u00a0selbst gemachtes Quitten-Kompott oder\u00a0rote Fr\u00fcchte wie Himbeeren oder Kirschen).<\/p>\n<p>Kastenform buttern und mit 2 Essl\u00f6ffel gehackten Mandeln ausstreuen (gibt einen knackigen Effekt). Im auf 180 Grad vorgeheizten Backofen 75 Minuten backen. Den Kuchen 20 Minuten in der Form abk\u00fchlen lassen, danach st\u00fcrzen und mit Puderzucker bestreuen.<\/p>\n<figure id=\"attachment_443\" aria-describedby=\"caption-attachment-443\" style=\"width: 225px\" class=\"wp-caption alignleft\"><img loading=\"lazy\" decoding=\"async\" class=\"size-medium wp-image-443\" src=\"http:\/\/www.oliopiceno.de\/wp-content\/uploads\/2014\/05\/SpargelPeperoncinoOlioPiceno-225x300.jpg\" alt=\"Spargel mit Olio Piceno, Peroncino-\u00d6l und Schnittlauch\" width=\"225\" height=\"300\" data-id=\"443\" srcset=\"http:\/\/www.oliopiceno.de\/wp-content\/uploads\/2014\/05\/SpargelPeperoncinoOlioPiceno-225x300.jpg 225w, http:\/\/www.oliopiceno.de\/wp-content\/uploads\/2014\/05\/SpargelPeperoncinoOlioPiceno-768x1024.jpg 768w, http:\/\/www.oliopiceno.de\/wp-content\/uploads\/2014\/05\/SpargelPeperoncinoOlioPiceno.jpg 1536w\" sizes=\"(max-width: 225px) 100vw, 225px\" \/><figcaption id=\"caption-attachment-443\" class=\"wp-caption-text\"><em>Spargel mit Olio Piceno, Peperoncino-\u00d6l und Schnittlauch<\/em><\/figcaption><\/figure>\n<p><strong>Tipp vom 3-Sterne-Koch<\/strong><\/p>\n<p>Im SZ-Magazin vom 28. November 2014 schreibt 3-Sterne-Koch Christian J\u00fcrgens vom Restaurant &#8222;\u00dcberfahrt&#8220; in Rottach-Egern am Tegernsee:<\/p>\n<p>&#8222;<em>Wer rote Zwiebeln oder Rotkraut schneiden will, ohne sich die Finger zu verf\u00e4rben, sollte seine H\u00e4nde vorher mit einem Schuss Oliven\u00f6l eincremen. Das h\u00e4lt die Farbstoffe ab.<\/em>&#8220; Auch eine gute Verwendung. Mein Tipp f\u00fcr das &#8222;Danach&#8220;: Rissige, strapazierte H\u00e4nde mit <strong>Oliven\u00f6l eincremen<\/strong>. Oliven\u00f6l ist <strong>r\u00fcckfettend<\/strong> und hat den gleichen ph-Wert wie die Haut! Ideal auch als <strong>Oliven-Seife<\/strong> f\u00fcr Allergiker.<\/p>\n","protected":false},"excerpt":{"rendered":"<p>Jaaaaaa doch!!!! Oliven\u00f6l ist ideal zum Braten! Bitte nicht dieser alten M\u00e4r glauben, die andere Samen\u00f6l-Produzenten mit starker Lobby vor Jahren in die Welt gesetzt haben. Sie wissen doch auch l\u00e4ngst als kluger Verbraucher, dass Spinat gar nicht so eisenhaltig ist, wie es dereinst f\u00e4lschlich in die Welt gesetzt und millionenfach falsch abgeschrieben wurde. Oliven\u00f6l&hellip; <a href=\"http:\/\/www.oliopiceno.de\/?page_id=155\" class=\"more-link\">Weiterlesen <span class=\"screen-reader-text\">Verwendung<\/span><\/a><\/p>\n","protected":false},"author":2,"featured_media":778,"parent":1,"menu_order":1,"comment_status":"open","ping_status":"open","template":"","meta":{"jetpack_post_was_ever_published":false,"footnotes":""},"tags":[655,660,103,662,27,657,663,656,483,658,659,665,102,661,664,148],"class_list":["post-155","page","type-page","status-publish","has-post-thumbnail","hentry","tag-180-grad","tag-aglio-olio","tag-antioxidantien","tag-bozner-sauce","tag-braten","tag-crema-di-balsamico","tag-eincremen","tag-einfach-ungesaettigte-fettsaeuren","tag-konfieren","tag-kuenstliche-zuckerersatzstoffe","tag-oeko-test-magazin","tag-oliven-seife","tag-polyphenole","tag-rezept","tag-rueckfettend","tag-spargel","without-featured-image"],"jetpack_shortlink":"https:\/\/wp.me\/P33csz-2v","jetpack_sharing_enabled":true,"_links":{"self":[{"href":"http:\/\/www.oliopiceno.de\/index.php?rest_route=\/wp\/v2\/pages\/155"}],"collection":[{"href":"http:\/\/www.oliopiceno.de\/index.php?rest_route=\/wp\/v2\/pages"}],"about":[{"href":"http:\/\/www.oliopiceno.de\/index.php?rest_route=\/wp\/v2\/types\/page"}],"author":[{"embeddable":true,"href":"http:\/\/www.oliopiceno.de\/index.php?rest_route=\/wp\/v2\/users\/2"}],"replies":[{"embeddable":true,"href":"http:\/\/www.oliopiceno.de\/index.php?rest_route=%2Fwp%2Fv2%2Fcomments&post=155"}],"version-history":[{"count":16,"href":"http:\/\/www.oliopiceno.de\/index.php?rest_route=\/wp\/v2\/pages\/155\/revisions"}],"predecessor-version":[{"id":1461,"href":"http:\/\/www.oliopiceno.de\/index.php?rest_route=\/wp\/v2\/pages\/155\/revisions\/1461"}],"up":[{"embeddable":true,"href":"http:\/\/www.oliopiceno.de\/index.php?rest_route=\/wp\/v2\/pages\/1"}],"wp:featuredmedia":[{"embeddable":true,"href":"http:\/\/www.oliopiceno.de\/index.php?rest_route=\/wp\/v2\/media\/778"}],"wp:attachment":[{"href":"http:\/\/www.oliopiceno.de\/index.php?rest_route=%2Fwp%2Fv2%2Fmedia&parent=155"}],"wp:term":[{"taxonomy":"post_tag","embeddable":true,"href":"http:\/\/www.oliopiceno.de\/index.php?rest_route=%2Fwp%2Fv2%2Ftags&post=155"}],"curies":[{"name":"wp","href":"https:\/\/api.w.org\/{rel}","templated":true}]}}