{"id":164,"date":"2013-02-11T17:33:27","date_gmt":"2013-02-11T17:33:27","guid":{"rendered":"http:\/\/www.oliopiceno.de\/?page_id=164"},"modified":"2021-10-13T15:26:01","modified_gmt":"2021-10-13T15:26:01","slug":"online-shop","status":"publish","type":"page","link":"http:\/\/www.oliopiceno.de\/?page_id=164","title":{"rendered":"Online-Shop"},"content":{"rendered":"<p>Achtung: Wir haben einen <strong>neuen Online-Shop:<\/strong>\u00a0<a href=\"http:\/\/www.kora-italien.com\" target=\"_blank\" rel=\"noopener noreferrer\">www.kora-italien.com<\/a>. Bitte ausschlie\u00dflich dort bestellen! Bei KoRa &#8211; die Abk\u00fcrzung steht f\u00fcr Konitzer und Rauch &#8211; gibt es noch viel mehr <strong>kulinarische Produkte<\/strong>. Teilnehmer\/innen unserer <strong>Oliven\u00f6lschul-Abende<\/strong> und G\u00e4ste unseres <strong>Oliven\u00f6l-Erntedankfeste im November<\/strong> kennen und lieben einiges davon bereits &#8211; leckere <strong>Pasta,<\/strong>\u00a0eingelegte <strong>Oliven<\/strong>, feine <strong>Berglinsen<\/strong> uvm.<\/p>\n","protected":false},"excerpt":{"rendered":"<p>Achtung: Wir haben einen neuen Online-Shop:\u00a0www.kora-italien.com. Bitte ausschlie\u00dflich dort bestellen! Bei KoRa &#8211; die Abk\u00fcrzung steht f\u00fcr Konitzer und Rauch &#8211; gibt es noch viel mehr kulinarische Produkte. Teilnehmer\/innen unserer Oliven\u00f6lschul-Abende und G\u00e4ste unseres Oliven\u00f6l-Erntedankfeste im November kennen und lieben einiges davon bereits &#8211; leckere Pasta,\u00a0eingelegte Oliven, feine Berglinsen uvm.<\/p>\n","protected":false},"author":3,"featured_media":1178,"parent":0,"menu_order":6,"comment_status":"open","ping_status":"open","template":"","meta":{"jetpack_post_was_ever_published":false,"footnotes":""},"tags":[],"class_list":["post-164","page","type-page","status-publish","has-post-thumbnail","hentry","without-featured-image"],"jetpack_shortlink":"https:\/\/wp.me\/P33csz-2E","jetpack_sharing_enabled":true,"_links":{"self":[{"href":"http:\/\/www.oliopiceno.de\/index.php?rest_route=\/wp\/v2\/pages\/164"}],"collection":[{"href":"http:\/\/www.oliopiceno.de\/index.php?rest_route=\/wp\/v2\/pages"}],"about":[{"href":"http:\/\/www.oliopiceno.de\/index.php?rest_route=\/wp\/v2\/types\/page"}],"author":[{"embeddable":true,"href":"http:\/\/www.oliopiceno.de\/index.php?rest_route=\/wp\/v2\/users\/3"}],"replies":[{"embeddable":true,"href":"http:\/\/www.oliopiceno.de\/index.php?rest_route=%2Fwp%2Fv2%2Fcomments&post=164"}],"version-history":[{"count":20,"href":"http:\/\/www.oliopiceno.de\/index.php?rest_route=\/wp\/v2\/pages\/164\/revisions"}],"predecessor-version":[{"id":1604,"href":"http:\/\/www.oliopiceno.de\/index.php?rest_route=\/wp\/v2\/pages\/164\/revisions\/1604"}],"wp:featuredmedia":[{"embeddable":true,"href":"http:\/\/www.oliopiceno.de\/index.php?rest_route=\/wp\/v2\/media\/1178"}],"wp:attachment":[{"href":"http:\/\/www.oliopiceno.de\/index.php?rest_route=%2Fwp%2Fv2%2Fmedia&parent=164"}],"wp:term":[{"taxonomy":"post_tag","embeddable":true,"href":"http:\/\/www.oliopiceno.de\/index.php?rest_route=%2Fwp%2Fv2%2Ftags&post=164"}],"curies":[{"name":"wp","href":"https:\/\/api.w.org\/{rel}","templated":true}]}}