{"id":27,"date":"2013-01-06T18:05:19","date_gmt":"2013-01-06T17:05:19","guid":{"rendered":"http:\/\/oliopiceno.com\/?page_id=22"},"modified":"2021-10-13T15:27:14","modified_gmt":"2021-10-13T15:27:14","slug":"was-ist-piceno","status":"publish","type":"page","link":"http:\/\/www.oliopiceno.de\/?page_id=27","title":{"rendered":"Unsere Region: Piceno"},"content":{"rendered":"<p><strong>Il Piceno &#8211; Adria-Strand und bergiger Naturpark<\/strong><\/p>\n<p>Il Piceno (Aussprache: Pitscheno), das ist die Region um die Provinzhauptstadt Ascoli Piceno in der mittelitalienischen Region Le Marche\/Die Marken.&nbsp;In deutschsprachigen Gefilden kennt man diese Region kaum, hat h\u00f6chstens mal etwas von <strong>Rimini<\/strong> oder der <strong>Hafenstadt Ancona<\/strong> geh\u00f6rt. Das Piceno liegt noch s\u00fcdlicher, grenzt an die Region Abruzzen und an Umbrien. Die sch\u00f6ne Stadt<strong> Ascoli Piceno<\/strong> mit ihren wei\u00dfen Travertinpl\u00e4tzen ist ebenso eine schlafende Sch\u00f6nheit wie die Landschaft hinter unseren Adria-Badeorten Cupra Marittima, Grottammare und San Benedetto del Tronto, dem gr\u00f6\u00dften Fischereihafen der Adria.<\/p>\n<div id='gallery-1' class='gallery galleryid-27 gallery-columns-3 gallery-size-thumbnail'><figure class='gallery-item'>\n\t\t\t<div class='gallery-icon portrait'>\n\t\t\t\t<a href='http:\/\/www.oliopiceno.de\/?attachment_id=109'><img loading=\"lazy\" decoding=\"async\" width=\"150\" height=\"150\" src=\"http:\/\/www.oliopiceno.de\/wp-content\/uploads\/2013\/01\/KarteItalienMarkenRot-150x150.png\" class=\"attachment-thumbnail size-thumbnail\" alt=\"Auf der anderen Seite von Rom, direkt an der Adria: die Region Le Marche\/Die Marken.\" aria-describedby=\"gallery-1-109\" srcset=\"http:\/\/www.oliopiceno.de\/wp-content\/uploads\/2013\/01\/KarteItalienMarkenRot-150x150.png 150w, http:\/\/www.oliopiceno.de\/wp-content\/uploads\/2013\/01\/KarteItalienMarkenRot-200x198.png 200w\" sizes=\"(max-width: 150px) 100vw, 150px\" \/><\/a>\n\t\t\t<\/div>\n\t\t\t\t<figcaption class='wp-caption-text gallery-caption' id='gallery-1-109'>\n\t\t\t\tAuf der anderen Seite von Rom, direkt an der Adria: die Region Le Marche\/Die Marken.\n\t\t\t\t<\/figcaption><\/figure><figure class='gallery-item'>\n\t\t\t<div class='gallery-icon landscape'>\n\t\t\t\t<a href='http:\/\/www.oliopiceno.de\/?attachment_id=107'><img loading=\"lazy\" decoding=\"async\" width=\"150\" height=\"150\" src=\"http:\/\/www.oliopiceno.de\/wp-content\/uploads\/2013\/01\/KarteProvinzAscoliPiceno-150x150.jpg\" class=\"attachment-thumbnail size-thumbnail\" alt=\"Die Provinz Ascoli Piceno ist die s\u00fcdlichste der Marken.\" aria-describedby=\"gallery-1-107\" \/><\/a>\n\t\t\t<\/div>\n\t\t\t\t<figcaption class='wp-caption-text gallery-caption' id='gallery-1-107'>\n\t\t\t\tDie Provinz Ascoli Piceno ist die s\u00fcdlichste der Marken.\n\t\t\t\t<\/figcaption><\/figure>\n\t\t<\/div>\n\n<p><strong>Mare e Monti<\/strong> &#8211; vorn Sandstrand und Palmen, hinten eine h\u00fcgelige, kleinparzellige, von den Bauern gehegte und gepflegte Landschaft mit Olivenhainen, Weinbergen und Obstb\u00e4umen. Noch weiter im Landesinneren, hinter Ascoli Piceno, beginnt der Naturpark der Monti Sibillini, der Sibillinischen Berge, mit dem fast 2.500 Meter hohen Monte Vettore. \u00dcberquert man den Appenin ist man in ca. 2,5 Stunden in Rom.<\/p>\n<figure id=\"attachment_115\" aria-describedby=\"caption-attachment-115\" style=\"width: 393px\" class=\"wp-caption alignleft\"><a href=\"http:\/\/www.oliopiceno.de\/?attachment_id=115\" rel=\"attachment wp-att-115\"><img loading=\"lazy\" decoding=\"async\" class=\"size-full wp-image-115\" src=\"http:\/\/www.oliopiceno.de\/wp-content\/uploads\/2013\/01\/AscoliRathaus.jpg\" alt=\"Die Provinzhauptstadt Ascoli Piceno mit ihre Tavertin-Piazza.\" width=\"393\" height=\"262\" srcset=\"http:\/\/www.oliopiceno.de\/wp-content\/uploads\/2013\/01\/AscoliRathaus.jpg 393w, http:\/\/www.oliopiceno.de\/wp-content\/uploads\/2013\/01\/AscoliRathaus-300x200.jpg 300w\" sizes=\"(max-width: 393px) 100vw, 393px\" \/><\/a><figcaption id=\"caption-attachment-115\" class=\"wp-caption-text\"><em>Die Provinzhauptstadt Ascoli Piceno mit ihrer Tavertin-Piazza.<\/em><\/figcaption><\/figure>\n<p>In der intakten Landschaft des Piceno gedeihen seit Jahrtausenden die Olivenb\u00e4ume. Schon der r\u00f6mische Gelehrte<strong> Plinius der \u00c4ltere<\/strong> (23-79 n. Chr.) schrieb, dass die <em>\u201eolive picene\u201c<\/em> zu den gefragtesten im ganzen R\u00f6mischen Reich geh\u00f6rten. Deshalb also &#8222;Olio Piceno&#8220;, ein \u00d6l, das die Bauern sonst f\u00fcr sich behalten und, wenn \u00fcberhaupt, nur \u00fcber Freunde verkaufen.<\/p>\n<p>Seit 19. Mai 2014 ist ein Artikel \u00fcber die Marken von mir zu lesen auf:&nbsp;<a href=\"http:\/\/reise-stories.de\/die-suedlichen-marken-das-unbekannte-italien\/\">http:\/\/reise-stories.de\/die-suedlichen-marken-das-unbekannte-italien<\/a><\/p>\n","protected":false},"excerpt":{"rendered":"<p>Il Piceno &#8211; Adria-Strand und bergiger Naturpark Il Piceno (Aussprache: Pitscheno), das ist die Region um die Provinzhauptstadt Ascoli Piceno in der mittelitalienischen Region Le Marche\/Die Marken.&nbsp;In deutschsprachigen Gefilden kennt man diese Region kaum, hat h\u00f6chstens mal etwas von Rimini oder der Hafenstadt Ancona geh\u00f6rt. Das Piceno liegt noch s\u00fcdlicher, grenzt an die Region Abruzzen&hellip; <a href=\"http:\/\/www.oliopiceno.de\/?page_id=27\" class=\"more-link\">Weiterlesen <span class=\"screen-reader-text\">Unsere Region: Piceno<\/span><\/a><\/p>\n","protected":false},"author":2,"featured_media":15,"parent":0,"menu_order":3,"comment_status":"open","ping_status":"open","template":"","meta":{"jetpack_post_was_ever_published":false,"footnotes":""},"tags":[113,6,669,670,668,666,672,667,173,671],"class_list":["post-27","page","type-page","status-publish","has-post-thumbnail","hentry","tag-adria","tag-ascoli-piceno","tag-cupra-marittima","tag-fischereihafen","tag-grottammare","tag-hafenstadt-ancona","tag-plinius-der-aeltere","tag-rimini","tag-san-benedetto-del-tronto","tag-travertinplaetze","without-featured-image"],"jetpack_shortlink":"https:\/\/wp.me\/P33csz-r","jetpack_sharing_enabled":true,"_links":{"self":[{"href":"http:\/\/www.oliopiceno.de\/index.php?rest_route=\/wp\/v2\/pages\/27"}],"collection":[{"href":"http:\/\/www.oliopiceno.de\/index.php?rest_route=\/wp\/v2\/pages"}],"about":[{"href":"http:\/\/www.oliopiceno.de\/index.php?rest_route=\/wp\/v2\/types\/page"}],"author":[{"embeddable":true,"href":"http:\/\/www.oliopiceno.de\/index.php?rest_route=\/wp\/v2\/users\/2"}],"replies":[{"embeddable":true,"href":"http:\/\/www.oliopiceno.de\/index.php?rest_route=%2Fwp%2Fv2%2Fcomments&post=27"}],"version-history":[{"count":19,"href":"http:\/\/www.oliopiceno.de\/index.php?rest_route=\/wp\/v2\/pages\/27\/revisions"}],"predecessor-version":[{"id":1605,"href":"http:\/\/www.oliopiceno.de\/index.php?rest_route=\/wp\/v2\/pages\/27\/revisions\/1605"}],"wp:featuredmedia":[{"embeddable":true,"href":"http:\/\/www.oliopiceno.de\/index.php?rest_route=\/wp\/v2\/media\/15"}],"wp:attachment":[{"href":"http:\/\/www.oliopiceno.de\/index.php?rest_route=%2Fwp%2Fv2%2Fmedia&parent=27"}],"wp:term":[{"taxonomy":"post_tag","embeddable":true,"href":"http:\/\/www.oliopiceno.de\/index.php?rest_route=%2Fwp%2Fv2%2Ftags&post=27"}],"curies":[{"name":"wp","href":"https:\/\/api.w.org\/{rel}","templated":true}]}}