{"id":785,"date":"2016-03-07T12:43:57","date_gmt":"2016-03-07T12:43:57","guid":{"rendered":"http:\/\/www.oliopiceno.de\/?page_id=785"},"modified":"2020-12-20T16:58:42","modified_gmt":"2020-12-20T16:58:42","slug":"olivenoelschule","status":"publish","type":"page","link":"http:\/\/www.oliopiceno.de\/?page_id=785","title":{"rendered":"Oliven\u00f6lschule"},"content":{"rendered":"<p><strong>Geschmacksschule &#8211; Kochschule &#8211; Genuss-Schule <\/strong><\/p>\n<p><strong>2021 zwei Termine!<\/strong><\/p>\n<p><img loading=\"lazy\" decoding=\"async\" class=\"size-medium wp-image-795 alignright\" src=\"http:\/\/www.oliopiceno.de\/wp-content\/uploads\/2016\/03\/Oliven\u00f6lschulLogo-300x300.jpg\" alt=\"Olio Piceno 4 weiss\" width=\"300\" height=\"300\" data-id=\"795\" srcset=\"http:\/\/www.oliopiceno.de\/wp-content\/uploads\/2016\/03\/Oliven\u00f6lschulLogo-300x300.jpg 300w, http:\/\/www.oliopiceno.de\/wp-content\/uploads\/2016\/03\/Oliven\u00f6lschulLogo-150x150.jpg 150w, http:\/\/www.oliopiceno.de\/wp-content\/uploads\/2016\/03\/Oliven\u00f6lschulLogo-768x768.jpg 768w, http:\/\/www.oliopiceno.de\/wp-content\/uploads\/2016\/03\/Oliven\u00f6lschulLogo.jpg 1000w\" sizes=\"(max-width: 300px) 100vw, 300px\" \/><strong>Wir sind optimistisch und planen:\u00a0<\/strong><\/p>\n<p>Samstag, 17. Juli, und Samstag, 11. September, jeweils von 18-22 Uhr in unserem neuen Gemeinschaftsraum &#8222;Ahorn31&#8220; in M\u00fcnchen-Riem, Elisabeth-Baerlein-Str. 3\/Ecke Erdinger Stra\u00dfe 31.<\/p>\n<p>Wir bieten:<\/p>\n<ul>\n<li>Verkostung verschiedener Oliven\u00f6le aus mindestens drei L\u00e4ndern<\/li>\n<li>mehrg\u00e4ngiges mediterranes Degustationsmen\u00fc (Antipasti, Pasta, Fleisch, Fisch, Gem\u00fcse, Kuchen\/Dessert)<\/li>\n<li>Wei\u00df- und Rotwein aus den Marken<\/li>\n<li>Frizzante aus den Marken als Aperitif<\/li>\n<li>eisgek\u00fchlter Olivello, selbstgemacht nat\u00fcrlich, als Digestif<\/li>\n<li>Schulungsunterlagen, Zeugnis<\/li>\n<li>Geschenk: &#8222;Oliven &#8211; Eine Liebeserkl\u00e4rung an den S\u00fcden&#8220;, Buch von Heidi Rauch<\/li>\n<\/ul>\n<p>Teilnehmerzahl: ca. 8 bis 12 Personen<\/p>\n<p>Genuss-&#8222;Lehrer&#8220;: Heidi Rauch und Michael Konitzer<\/p>\n<p>Kosten: 79 Euro pro Abend und Person<\/p>\n<p><strong>Anmeldungen<\/strong> bitte nur \u00fcber: <strong>pr@heidi-rauch.de<\/strong><\/p>\n<p>Facebook:\u00a0https:\/\/www.facebook.com\/oliopiceno\/<\/p>\n<figure id=\"attachment_1126\" aria-describedby=\"caption-attachment-1126\" style=\"width: 488px\" class=\"wp-caption alignleft\"><a href=\"https:\/\/www.youtube.com\/watch?v=QTdCv6yoy5A&amp;t=10s\"><img loading=\"lazy\" decoding=\"async\" class=\"wp-image-1126 \" src=\"http:\/\/www.oliopiceno.de\/wp-content\/uploads\/2018\/01\/Schule-Video-300x169.jpg\" alt=\"\" width=\"488\" height=\"275\" data-id=\"1126\" srcset=\"http:\/\/www.oliopiceno.de\/wp-content\/uploads\/2018\/01\/Schule-Video-300x169.jpg 300w, http:\/\/www.oliopiceno.de\/wp-content\/uploads\/2018\/01\/Schule-Video-768x432.jpg 768w, http:\/\/www.oliopiceno.de\/wp-content\/uploads\/2018\/01\/Schule-Video.jpg 854w\" sizes=\"(max-width: 488px) 100vw, 488px\" \/><\/a><figcaption id=\"caption-attachment-1126\" class=\"wp-caption-text\"><a href=\"https:\/\/www.youtube.com\/watch?v=QTdCv6yoy5A&amp;t=10s\">Video von der Oliven\u00f6l-Schule in M\u00fcnchen.<\/a><\/figcaption><\/figure>\n","protected":false},"excerpt":{"rendered":"<p>Geschmacksschule &#8211; Kochschule &#8211; Genuss-Schule 2021 zwei Termine! Wir sind optimistisch und planen:\u00a0 Samstag, 17. Juli, und Samstag, 11. September, jeweils von 18-22 Uhr in unserem neuen Gemeinschaftsraum &#8222;Ahorn31&#8220; in M\u00fcnchen-Riem, Elisabeth-Baerlein-Str. 3\/Ecke Erdinger Stra\u00dfe 31. Wir bieten: Verkostung verschiedener Oliven\u00f6le aus mindestens drei L\u00e4ndern mehrg\u00e4ngiges mediterranes Degustationsmen\u00fc (Antipasti, Pasta, Fleisch, Fisch, Gem\u00fcse, Kuchen\/Dessert) Wei\u00df-&hellip; <a href=\"http:\/\/www.oliopiceno.de\/?page_id=785\" class=\"more-link\">Weiterlesen <span class=\"screen-reader-text\">Oliven\u00f6lschule<\/span><\/a><\/p>\n","protected":false},"author":2,"featured_media":818,"parent":0,"menu_order":2,"comment_status":"closed","ping_status":"closed","template":"","meta":{"jetpack_post_was_ever_published":false,"footnotes":""},"tags":[506,654,17,558,653],"class_list":["post-785","page","type-page","status-publish","has-post-thumbnail","hentry","tag-berlin","tag-gemeinsam-kochen","tag-genuss","tag-koch-dich-gluecklich","tag-muenchen","without-featured-image"],"jetpack_shortlink":"https:\/\/wp.me\/P33csz-cF","jetpack_sharing_enabled":true,"_links":{"self":[{"href":"http:\/\/www.oliopiceno.de\/index.php?rest_route=\/wp\/v2\/pages\/785"}],"collection":[{"href":"http:\/\/www.oliopiceno.de\/index.php?rest_route=\/wp\/v2\/pages"}],"about":[{"href":"http:\/\/www.oliopiceno.de\/index.php?rest_route=\/wp\/v2\/types\/page"}],"author":[{"embeddable":true,"href":"http:\/\/www.oliopiceno.de\/index.php?rest_route=\/wp\/v2\/users\/2"}],"replies":[{"embeddable":true,"href":"http:\/\/www.oliopiceno.de\/index.php?rest_route=%2Fwp%2Fv2%2Fcomments&post=785"}],"version-history":[{"count":40,"href":"http:\/\/www.oliopiceno.de\/index.php?rest_route=\/wp\/v2\/pages\/785\/revisions"}],"predecessor-version":[{"id":1546,"href":"http:\/\/www.oliopiceno.de\/index.php?rest_route=\/wp\/v2\/pages\/785\/revisions\/1546"}],"wp:featuredmedia":[{"embeddable":true,"href":"http:\/\/www.oliopiceno.de\/index.php?rest_route=\/wp\/v2\/media\/818"}],"wp:attachment":[{"href":"http:\/\/www.oliopiceno.de\/index.php?rest_route=%2Fwp%2Fv2%2Fmedia&parent=785"}],"wp:term":[{"taxonomy":"post_tag","embeddable":true,"href":"http:\/\/www.oliopiceno.de\/index.php?rest_route=%2Fwp%2Fv2%2Ftags&post=785"}],"curies":[{"name":"wp","href":"https:\/\/api.w.org\/{rel}","templated":true}]}}